{"id":100,"date":"2020-06-18T13:52:08","date_gmt":"2020-06-18T11:52:08","guid":{"rendered":"https:\/\/mds-medical.de\/wp\/?page_id=100"},"modified":"2026-01-06T10:55:19","modified_gmt":"2026-01-06T09:55:19","slug":"mds-medical-edv-services","status":"publish","type":"page","link":"https:\/\/mds-medical.de\/site\/","title":{"rendered":"Startseite"},"content":{"rendered":"<p data-wp-editing=\"1\"><img decoding=\"async\" src=\"https:\/\/mds-medical.de\/site\/wp-content\/uploads\/2023\/08\/Startseite-links-150x150.webp\" alt=\"Logo\" width=\"150\" height=\"150\" \/><\/p>\n<p>Wir die MDS \u2013 Medical EDV Services GmbH betreuen seit weit \u00fcber 15 Jahren erfolgreich EDV-Anlagen in Arztpraxen. Bei allen Fragen rund um Praxis-EDV stehen wir Ihnen gerne zur Verf\u00fcgung. Aufbau eines Netzwerks, Einsatz von Hard- und Software sowie professionelle Schulungen Ihrer Mitarbeiter in Ihrer Praxis. Wir bieten Ihnen alles aus einer Hand.<\/p>\n<p>Auf Wunsch installieren wir auch auf vorhandene Hardware oder binden bereits vorhandene Rechner mit in ein neues Netzwerk ein, Kompatibilit\u00e4t vorausgesetzt.<\/p>\n<p>Egal ob Einzelplatz-, Mehrplatz- oder Netzwerkl\u00f6sung mit dediziertem Server, wir beraten Sie gerne und bieten Ihnen fachgerechte PC-Systeme zu kalkulierbaren Preisen. Unser hochqualifiziertes Technik- und Supportteam stellt Ihnen genau die Komponenten zusammen, die Sie wirklich brauchen!<\/p>\n<p><strong>Cyberkriminalit\u00e4t vorbeugen \/ Kostenlose Kunden-Webinare<\/strong><\/p>\n<p><img decoding=\"async\" src=\"https:\/\/mds-medical.de\/site\/wp-content\/uploads\/2023\/08\/cgm-logo-1.webp\" alt=\"CGM\" width=\"100\" height=\"100\" \/><a href=\"https:\/\/www.cgm.com\/deu_de\/lp\/protect-webinare.html\" target=\"_blank\" rel=\"noopener\">CGM protect &#8211; Sicherheit &#8211; Webinare<\/a><\/p>\n<p><strong>TI-Hardwaretausch \/ Kostenlose Kunden-Webinare<\/strong><\/p>\n<p><img decoding=\"async\" src=\"https:\/\/mds-medical.de\/site\/wp-content\/uploads\/2023\/08\/cgm-logo-1.webp\" alt=\"CGM\" width=\"100\" height=\"100\" \/><a href=\"https:\/\/www.cgm.com\/deu_de\/plattformen\/telematikinfrastruktur\/service-und-updates\/ti-erneuern\/ti-erneuern-kunden-webinare.html\" target=\"_blank\" rel=\"noopener\">CGM Telematikinfrastruktur &#8211; Webinare<\/a><\/p>\n<h3><img decoding=\"async\" src=\"https:\/\/mds-medical.de\/site\/wp-content\/uploads\/2023\/08\/ePA-Plus.webp\" alt=\"TI-Mehrwertdienste\" width=\"311\" height=\"67\" \/><\/h3>\n<h2>CGM ALBIS und TI-Mehrwertanwendungen<\/h2>\n<p>Mit CGM ALBIS und den neuen medizinischen Mehrwertanwendungen nutzen Sie die Vorteile der Telematikinfrastruktur (TI) in Ihrer Arztpraxis mit gewohnt hohem Komfort. Alle Fachdienste k\u00f6nnen Sie ganz einfach durch Klick auf das entsprechende Symbol in der CGM ALBIS-Men\u00fcleiste \u00f6ffnen.<\/p>\n<p><a href=\"https:\/\/www.cgm.com\/deu_de\/lp\/ti-mehrwertanwendungen\/ti-mehrwerte-cgm-albis.html\" target=\"_blank\" rel=\"noreferrer noopener\">Mehr zu TI-Mehrwertanwendungen<\/a><\/p>\n<h3><img loading=\"lazy\" decoding=\"async\" src=\"https:\/\/mds-medical.de\/site\/wp-content\/uploads\/2023\/08\/KundenWerbenKunden.webp\" alt=\"Kunden werben Kunden\" width=\"351\" height=\"111\" \/><\/h3>\n<h2 style=\"text-align: center;\">CGM ALBIS Kunden werben Kunden<\/h2>\n<p>Empfehlen Sie CGM ALBIS doch weiter. Die CGM bieten Pr\u00e4mien f\u00fcr Kunden werben Kunden wenn Sie einem Kollegen oder einer Kollegin CGM ALBIS weiter empfehlen!<\/p>\n<p>Zum Beispiel ein tolles Wellness-Wochenende oder einen Wertgutschein f\u00fcr CGM Zusatzprodukte in H\u00f6he von 500\u20ac<\/p>\n<p><a href=\"https:\/\/www.cgm.com\/deu_de\/produkte\/praxissoftware\/cgm-albis-kundenbereich\/albis-kunden-werben-kunden.html\" target=\"_blank\" rel=\"noopener\">Mehr zu Kunden werben Kunden<\/a><\/p>\n<h3>So finden Sie uns:<\/h3>\n<p>\u00a0<\/p>\n<p>\t\t\t<iframe loading=\"lazy\"\n\t\t\t\t\tsrc=\"https:\/\/maps.google.com\/maps?q=Klarenplatz%2011%2C%20Windhagen%2C%20Deutschland&#038;t=m&#038;z=15&#038;output=embed&#038;iwloc=near\"\n\t\t\t\t\ttitle=\"Klarenplatz 11, Windhagen, Deutschland\"\n\t\t\t\t\taria-label=\"Klarenplatz 11, Windhagen, Deutschland\"\n\t\t\t><\/iframe><\/p>\n","protected":false},"excerpt":{"rendered":"<p>Wir die MDS \u2013 Medical EDV Services GmbH betreuen seit weit \u00fcber 15 Jahren erfolgreich EDV-Anlagen in Arztpraxen. Bei allen Fragen rund um Praxis-EDV stehen wir Ihnen gerne zur Verf\u00fcgung. Aufbau eines Netzwerks, Einsatz von Hard- und Software sowie professionelle Schulungen Ihrer Mitarbeiter in Ihrer Praxis. Wir bieten Ihnen alles aus einer Hand. Auf Wunsch [&hellip;]<\/p>\n","protected":false},"author":1,"featured_media":0,"parent":0,"menu_order":0,"comment_status":"closed","ping_status":"closed","template":"","meta":{"footnotes":""},"class_list":["post-100","page","type-page","status-publish","hentry"],"aioseo_notices":[],"_links":{"self":[{"href":"https:\/\/mds-medical.de\/site\/wp-json\/wp\/v2\/pages\/100","targetHints":{"allow":["GET"]}}],"collection":[{"href":"https:\/\/mds-medical.de\/site\/wp-json\/wp\/v2\/pages"}],"about":[{"href":"https:\/\/mds-medical.de\/site\/wp-json\/wp\/v2\/types\/page"}],"author":[{"embeddable":true,"href":"https:\/\/mds-medical.de\/site\/wp-json\/wp\/v2\/users\/1"}],"replies":[{"embeddable":true,"href":"https:\/\/mds-medical.de\/site\/wp-json\/wp\/v2\/comments?post=100"}],"version-history":[{"count":64,"href":"https:\/\/mds-medical.de\/site\/wp-json\/wp\/v2\/pages\/100\/revisions"}],"predecessor-version":[{"id":3782,"href":"https:\/\/mds-medical.de\/site\/wp-json\/wp\/v2\/pages\/100\/revisions\/3782"}],"wp:attachment":[{"href":"https:\/\/mds-medical.de\/site\/wp-json\/wp\/v2\/media?parent=100"}],"curies":[{"name":"wp","href":"https:\/\/api.w.org\/{rel}","templated":true}]}}