{"id":19,"date":"2020-06-17T14:42:57","date_gmt":"2020-06-17T14:42:57","guid":{"rendered":"https:\/\/mds-medical.de\/wp\/?page_id=19"},"modified":"2020-06-17T14:42:57","modified_gmt":"2020-06-17T14:42:57","slug":"impressum","status":"publish","type":"page","link":"https:\/\/mds-medical.de\/site\/impressum\/","title":{"rendered":"Impressum"},"content":{"rendered":"\t\t<div data-elementor-type=\"wp-page\" data-elementor-id=\"19\" class=\"elementor elementor-19\">\n\t\t\t\t\t\t<section class=\"elementor-section elementor-top-section elementor-element elementor-element-ee411aa elementor-section-boxed elementor-section-height-default elementor-section-height-default\" data-id=\"ee411aa\" data-element_type=\"section\" data-e-type=\"section\">\n\t\t\t\t\t\t<div class=\"elementor-container elementor-column-gap-default\">\n\t\t\t\t\t<div class=\"elementor-column elementor-col-100 elementor-top-column elementor-element elementor-element-d7fc435\" data-id=\"d7fc435\" data-element_type=\"column\" data-e-type=\"column\">\n\t\t\t<div class=\"elementor-widget-wrap elementor-element-populated\">\n\t\t\t\t\t\t<div class=\"elementor-element elementor-element-9cd68cc elementor-widget elementor-widget-text-editor\" data-id=\"9cd68cc\" data-element_type=\"widget\" data-e-type=\"widget\" data-widget_type=\"text-editor.default\">\n\t\t\t\t<div class=\"elementor-widget-container\">\n\t\t\t\t\t\t\t\t\t<p><\/p>\n<p class=\"has-small-font-size\"><strong>Impressum<\/strong><\/p>\n<p><\/p>\n<p class=\"has-small-font-size\">Angaben gem\u00e4\u00df \u00a7 5 TMG:<\/p>\n<p><\/p>\n<p class=\"has-small-font-size\">MDS &#8211; Medical EDV Services GmbH<br \/>Klarenplatz\u00a011<br \/>53578 Windhagen<\/p>\n<p><\/p>\n<p class=\"has-small-font-size\"><strong>Vertreten durch:<\/strong><\/p>\n<p><\/p>\n<p class=\"has-small-font-size\">Dennis Dempewulf<\/p>\n<p><\/p>\n<p class=\"has-small-font-size\"><strong>Verantwortlicher:<\/strong><\/p>\n<p><\/p>\n<p class=\"has-small-font-size\">Dennis Dempewulf<\/p>\n<p><\/p>\n<p class=\"has-small-font-size\"><strong>Kontakt:<\/strong><\/p>\n<p><\/p>\n<p class=\"has-small-font-size\">Telefon: +49 (0) 2645 70 48 680<br \/>Telefax: +49 (0) 2645 70 48 689<br \/>E-Mail: <a href=\"https:\/\/mds-medical.de\/#kontakt\">Kontakt<\/a><\/p>\n<p><\/p>\n<p class=\"has-small-font-size\"><strong>Registereintrag:<\/strong><\/p>\n<p><\/p>\n<p class=\"has-small-font-size\">Eintragung im Handelsregister.<br \/>Registergericht: Amtsgericht Montabaur<br \/>Registernummer: HRB 22481<\/p>\n<p><\/p>\n<p class=\"has-small-font-size\"><strong>Umsatzsteuer:<\/strong><\/p>\n<p><\/p>\n<p class=\"has-small-font-size\">Umsatzsteuer-Identifikationsnummer gem\u00e4\u00df \u00a727 a Umsatzsteuergesetz:<br \/>DE 258918098<\/p>\n<p><\/p>\n<p class=\"has-small-font-size\"><strong>Streitschlichtung<\/strong><\/p>\n<p><\/p>\n<p class=\"has-small-font-size\">Die Europ\u00e4ische Kommission stellt eine Plattform zur Online-Streitbeilegung (OS) bereit:<br \/>https:\/\/ec.europa.eu\/consumers\/odr<br \/>Unsere E-Mail-Adresse finden Sie oben im Impressum.<br \/>Wir sind nicht bereit oder verpflichtet, an Streitbeilegungsverfahren vor einer<br \/>Verbraucherschlichtungsstelle teilzunehmen.<\/p>\n<p><\/p>\n<p class=\"has-small-font-size\"><strong>Haftung f\u00fcr Inhalte<\/strong><\/p>\n<p><\/p>\n<p class=\"has-small-font-size\">Als Diensteanbieter sind wir gem\u00e4\u00df \u00a7 7 Abs.1 TMG f\u00fcr eigene Inhalte auf diesen Seiten nach den<br \/>allgemeinen Gesetzen verantwortlich. Nach \u00a7\u00a7 8 bis 10 TMG sind wir als Diensteanbieter jedoch nicht<br \/>verpflichtet, \u00fcbermittelte oder gespeicherte fremde Informationen zu \u00fcberwachen oder nach Umst\u00e4nden zu forschen, die auf eine rechtswidrige T\u00e4tigkeit hinweisen.<br \/>Verpflichtungen zur Entfernung oder Sperrung der Nutzung von Informationen nach den allgemeinen<br \/>Gesetzen bleiben hiervon unber\u00fchrt. Eine diesbez\u00fcgliche Haftung ist jedoch erst ab dem Zeitpunkt der<br \/>Kenntnis einer konkreten Rechtsverletzung m\u00f6glich. Bei Bekanntwerden von entsprechenden<br \/>Rechtsverletzungen werden wir diese Inhalte umgehend entfernen.<\/p>\n<p><\/p>\n<p class=\"has-small-font-size\"><strong>Haftung f\u00fcr Links<\/strong><\/p>\n<p><\/p>\n<p class=\"has-small-font-size\">Unser Angebot enth\u00e4lt Links zu externen Websites Dritter, auf deren Inhalte wir keinen Einfluss haben.<br \/>Deshalb k\u00f6nnen wir f\u00fcr diese fremden Inhalte auch keine Gew\u00e4hr \u00fcbernehmen. F\u00fcr die Inhalte der<br \/>verlinkten Seiten ist stets der jeweilige Anbieter oder Betreiber der Seiten verantwortlich. Die verlinkten<br \/>Seiten wurden zum Zeitpunkt der Verlinkung auf m\u00f6gliche Rechtsverst\u00f6\u00dfe \u00fcberpr\u00fcft. Rechtswidrige<br \/>Inhalte waren zum Zeitpunkt der Verlinkung nicht erkennbar.<br \/>Eine permanente inhaltliche Kontrolle der verlinkten Seiten ist jedoch ohne konkrete Anhaltspunkte einer Rechtsverletzung nicht zumutbar. Bei Bekanntwerden von Rechtsverletzungen werden wir derartige Links umgehend entfernen.<\/p>\n<p><\/p>\n<p class=\"has-small-font-size\"><strong>Urheberrecht<\/strong><\/p>\n<p><\/p>\n<p class=\"has-small-font-size\">Die durch die Seitenbetreiber erstellten Inhalte und Werke auf diesen Seiten unterliegen dem deutschen Urheberrecht. Die Vervielf\u00e4ltigung, Bearbeitung, Verbreitung und jede Art der Verwertung au\u00dferhalb der Grenzen des Urheberrechtes bed\u00fcrfen der schriftlichen Zustimmung des jeweiligen Autors bzw. Erstellers. Downloads und Kopien dieser Seite sind nur f\u00fcr den privaten, nicht kommerziellen Gebrauch gestattet.<br \/>Soweit die Inhalte auf dieser Seite nicht vom Betreiber erstellt wurden, werden die Urheberrechte Dritter beachtet. Insbesondere werden Inhalte Dritter als solche gekennzeichnet. Sollten Sie trotzdem auf eine Urheberrechtsverletzung aufmerksam werden, bitten wir um einen entsprechenden Hinweis. Bei Bekanntwerden von Rechtsverletzungen werden wir derartige Inhalte umgehend entfernen.<\/p>\n<p><\/p>\t\t\t\t\t\t\t\t<\/div>\n\t\t\t\t<\/div>\n\t\t\t\t\t<\/div>\n\t\t<\/div>\n\t\t\t\t\t<\/div>\n\t\t<\/section>\n\t\t\t\t<\/div>\n\t\t","protected":false},"excerpt":{"rendered":"<p>Impressum Angaben gem\u00e4\u00df \u00a7 5 TMG: MDS &#8211; Medical EDV Services GmbHKlarenplatz\u00a01153578 Windhagen Vertreten durch: Dennis Dempewulf Verantwortlicher: Dennis Dempewulf Kontakt: Telefon: +49 (0) 2645 70 48 680Telefax: +49 (0) 2645 70 48 689E-Mail: Kontakt Registereintrag: Eintragung im Handelsregister.Registergericht: Amtsgericht MontabaurRegisternummer: HRB 22481 Umsatzsteuer: Umsatzsteuer-Identifikationsnummer gem\u00e4\u00df \u00a727 a Umsatzsteuergesetz:DE 258918098 Streitschlichtung Die Europ\u00e4ische Kommission stellt [&hellip;]<\/p>\n","protected":false},"author":1,"featured_media":0,"parent":0,"menu_order":0,"comment_status":"closed","ping_status":"closed","template":"","meta":{"footnotes":""},"class_list":["post-19","page","type-page","status-publish","hentry"],"aioseo_notices":[],"_links":{"self":[{"href":"https:\/\/mds-medical.de\/site\/wp-json\/wp\/v2\/pages\/19","targetHints":{"allow":["GET"]}}],"collection":[{"href":"https:\/\/mds-medical.de\/site\/wp-json\/wp\/v2\/pages"}],"about":[{"href":"https:\/\/mds-medical.de\/site\/wp-json\/wp\/v2\/types\/page"}],"author":[{"embeddable":true,"href":"https:\/\/mds-medical.de\/site\/wp-json\/wp\/v2\/users\/1"}],"replies":[{"embeddable":true,"href":"https:\/\/mds-medical.de\/site\/wp-json\/wp\/v2\/comments?post=19"}],"version-history":[{"count":0,"href":"https:\/\/mds-medical.de\/site\/wp-json\/wp\/v2\/pages\/19\/revisions"}],"wp:attachment":[{"href":"https:\/\/mds-medical.de\/site\/wp-json\/wp\/v2\/media?parent=19"}],"curies":[{"name":"wp","href":"https:\/\/api.w.org\/{rel}","templated":true}]}}