{"id":21,"date":"2020-06-17T14:42:57","date_gmt":"2020-06-17T14:42:57","guid":{"rendered":"https:\/\/mds-medical.de\/wp\/?page_id=21"},"modified":"2020-06-17T14:42:57","modified_gmt":"2020-06-17T14:42:57","slug":"unsere-agb","status":"publish","type":"page","link":"https:\/\/mds-medical.de\/site\/unsere-agb\/","title":{"rendered":"Unsere AGB"},"content":{"rendered":"<p><\/p>\n<p><strong>Allgemeine Verkaufs- und Lieferbedingungen der Firma<\/strong><\/p>\n<p><\/p>\n<p>MDS &#8211; Medical EDV Service GmbH<br \/>Gesch\u00e4ftsf\u00fchrer Dennis Dempewulf<br \/>Klarenplatz 11<br \/>53578 Windhagen<\/p>\n<p><\/p>\n<p><strong>1. Geltungsbereich &#8211; Allgemeines:<\/strong><br \/>Die nachstehenden Gesch\u00e4ftsbedingungen der Firma MDS Medical EDV Service GmbH<br \/>Gesch\u00e4ftsf\u00fchrer Dennis Dempewulf Klarenplatz 11, 53578 Windhagen <br \/>(im Nachfolgenden &#8222;MDS GmbH&#8220; genannt), gelten ausschlie\u00dflich. Entgegenstehende <br \/>oder von unseren Gesch\u00e4ftsbedingungen abweichende Bedingungen des Kunden erkennen<br \/>wir nicht an, es sei denn, wir h\u00e4tten ausdr\u00fccklich schriftlich ihrer Geltung zugestimmt. <br \/>Unsere Gesch\u00e4ftsbedingungen gelten auch dann, wenn wir in Kenntnis entgegenstehender <br \/>oder von unseren Bedingungen abweichender Bedingungen des Kunden die Lieferung an <br \/>den K\u00e4ufer vorbehaltlos ausf\u00fchren. Zus\u00e4tzlich gelten die Lizenz- und Nutzungsbedingungen <br \/>der Hersteller und unserer Lieferanten.<\/p>\n<p><\/p>\n<p><strong>2. Angebote, Vertragsabschluss:<\/strong><br \/>Angebote sind freibleibend bis zum Zugang der Auftragsbest\u00e4tigung. S\u00e4mtliche<br \/>Vereinbarungen werden erst durch unsere schriftliche Best\u00e4tigung verbindlich.<br \/>Die Rechnungserteilung ersetzt die schriftliche Best\u00e4tigung. Von<br \/>Verkaufsangestellten, dem Firmeninhaber oder Handelsvertretern getroffene, \u00fcber<br \/>den schriftlichen Vertragsinhalt hinausgehende m\u00fcndliche Nebenabreden bed\u00fcrfen<br \/>zu ihrer Wirksamkeit stets unserer schriftlichen Best\u00e4tigung.<\/p>\n<p><\/p>\n<p><strong>3. Liefergegenstand:<\/strong><br \/>Konstruktions- oder Form\u00e4nderungen, die auf die Verbesserung der Technik bzw.<br \/>auf Forderungen des Gesetzgebers zur\u00fcckzuf\u00fchren sind, bleiben w\u00e4hrend der<br \/>Lieferzeit vorbehalten, sofern der Liefergegenstand nicht erheblich ge\u00e4ndert<br \/>wird und die \u00c4nderungen f\u00fcr den Kunden zumutbar sind.<\/p>\n<p><\/p>\n<p><strong>4. Lieferfrist:<\/strong><br \/>Wird ein Lieferzeitraum vereinbart, l\u00e4uft die Lieferfrist erst mit der Absendung<br \/>der Auftragsbest\u00e4tigung und mit Beibringung der vom Kunden gegebenenfalls zu<br \/>beschaffenden Unterlagen, Genehmigungen, Freigaben, der vom Kunden zu<br \/>\u00fcbergebenden Patientendaten sowie der vereinbarten Anzahlung an. Ist ein fester<br \/>Lieferzeitpunkt vereinbart und hat der Kunde nicht innerhalb angemessener Zeit<br \/>nach Vertragsschluss vor dem Lieferzeitpunkt die von uns angeforderten<br \/>Unterlagen, Genehmigungen, Freigaben und\/oder Daten \u00fcbergeben sowie die<br \/>vereinbarte Anzahlung geleistet, verschiebt sich der Lieferzeitpunkt<br \/>entsprechend. Als angemessen gem\u00e4\u00df dem vorstehenden Satz gilt regelm\u00e4\u00dfig ein<br \/>Zeitraum von mindestens 14 Tagen. Die Lieferzeit ist ungef\u00e4hr. Die Lieferfrist ist <br \/>eingehalten, wenn bis zu ihrem Ablauf die Versandbereitschaft mitgeteilt ist oder <br \/>der Liefergegenstand unser Haus verlassen hat.<br \/>Die Lieferfrist verl\u00e4ngert sich bei Eintritt unvorhergesehener Hindernisse wie<br \/>z.B. Betriebsst\u00f6rungen, Verz\u00f6gerungen in der Anlieferung wesentlicher<br \/>Materialien, soweit solche Hindernisse auf die Lieferung des Liefergegenstandes<br \/>von Einfluss und nicht von uns zu vertreten sind. Nicht zu vertreten sind von<br \/>uns insbesondere Umst\u00e4nde im T\u00e4tigkeitsbereich von Unterlieferanten. Die<br \/>Lieferfrist verl\u00e4ngert sich entsprechend der Dauer derartiger Ma\u00dfnahmen und<br \/>Hindernisse. Die vorbezeichneten Umst\u00e4nde sind auch dann von uns nicht zu<br \/>vertreten, wenn sie w\u00e4hrend eines bereits vorliegenden Verzuges entstehen.<br \/>Teillieferungen sind zul\u00e4ssig, es sei denn, es erg\u00e4ben sich dadurch Nachteile<br \/>f\u00fcr den Gebrauch.<\/p>\n<p><\/p>\n<p><strong>5. Gefahren\u00fcbergang:<\/strong><br \/>Jeglicher Versand erfolgt auf Gefahr des Kunden. Versandweg und -mittel sind,<br \/>wenn nicht anders vereinbart, unserer Wahl \u00fcberlassen. Die Gefahr geht mit<br \/>\u00dcbergabe der Ware an einen Spediteur oder Frachtf\u00fchrer, sp\u00e4testens jedoch beim<br \/>Verlassen des Lagers auf den Kunden \u00fcber.<\/p>\n<p><\/p>\n<p><strong>6. Preise und Zahlungsbedingungen:<\/strong><br \/>Preise verstehen sich ab Lager, zuz\u00fcglich der am Tage der Lieferung bzw.<br \/>Leistung g\u00fcltigen Mehrwertsteuer, einschlie\u00dflich handels\u00fcblicher Verpackung,<br \/>jedoch ohne Installation, Schulung oder sonstige Nebenleistungen. Bei<br \/>gewerblichen Kunden werden die Preise als Nettopreise angegeben. Zahlungen haben<br \/>sofort bei Lieferung in bar ohne Abzug zu erfolgen. Eine Versendung der Ware<br \/>erfolgt nur per Nachnahme, Abbuchungsauftrag oder gegen Vorkasse. Eine Zahlung<br \/>gilt erst dann als erfolgt, wenn wir \u00fcber den Betrag verf\u00fcgen k\u00f6nnen. Ger\u00e4t der<br \/>K\u00e4ufer mit einer Zahlung in Verzug, werden alle Forderungen sofort f\u00e4llig. Bei<br \/>Zahlungsverzug sind wir berechtigt, Verzugszinsen in H\u00f6he von 8% j\u00e4hrlich \u00fcber<br \/>dem jeweiligen Basiszinssatz der Deutschen Bundesbank, sofern der Kunde kein<br \/>Verbraucher ist, ansonsten 5 % \u00fcber dem Basiszinssatz zu verlangen. Der Nachweis<br \/>eines h\u00f6heren Schadens bleibt vorbehalten.<br \/>Der K\u00e4ufer ist zur Aufrechnung nur dann berechtigt, wenn seine Gegenforderung<br \/>entweder unbestritten oder rechtskr\u00e4ftig festgestellt ist.<br \/>Liegt ein Mangel der Kaufsache vor, bevor die Gew\u00e4hrleistungsanspr\u00fcche des<br \/>Kunden verj\u00e4hrt sind, so ist der Kunde nicht berechtigt, die Zahlung des<br \/>gesamten Kaufpreises wegen des Mangels zu verweigern.<br \/>Die Abtretung von Anspr\u00fcchen, die dem Kunden aus der Gesch\u00e4ftsbeziehung mit uns<br \/>zustehen, bedarf unserer ausdr\u00fccklichen schriftlichen Zustimmung.<br \/>Sind wir aus einem gegenseitigen Vertrag zur Vorleistung verpflichtet, k\u00f6nnen<br \/>wir die uns obliegende Leistung verweigern, wenn nach Abschluss des Vertrages<br \/>erkennbar wird, dass unser Anspruch auf die Gegenleistung durch mangelnde<br \/>Leistungsf\u00e4higkeit des Kunden gef\u00e4hrdet wird. Bei einer wesentlichen<br \/>Verschlechterung der Verm\u00f6genslage sowie drohender Zahlungsunf\u00e4higkeit sind wir<br \/>berechtigt, Lieferungen nur gegen Vorkasse auszuf\u00fchren oder die Stellung einer<br \/>geeigneten Sicherheit zu verlangen. Wird diese binnen einer angemessenen Frist<br \/>nicht gestellt, so sind wir berechtigt, nach Ablauf dieser Frist, Schadensersatz<br \/>wegen Nichterf\u00fcllung zu verlangen.<br \/>Sind wir zur Geltendmachung von Schadensersatz wegen Nichterf\u00fcllung berechtigt,<br \/>so bel\u00e4uft sich dieser auf 20 % des Kaufpreises einschlie\u00dflich der Nebenentgelte<br \/>(Schulungen, Installationen) bzw. des Entgelts f\u00fcr Reparaturleistungen<br \/>(einschlie\u00dflich Mehrwertsteuer) vorbehaltlich eines von uns nachzuweisenden<br \/>h\u00f6heren Schadens. Der Kunde ist berechtigt, uns nachzuweisen, dass uns kein oder<br \/>ein wesentlich niedrigerer Nichterf\u00fcllungsschaden entstanden ist.<\/p>\n<p><\/p>\n<p><strong>7. Preis\u00e4nderungen<\/strong><br \/>Preis\u00e4nderungen im Rahmen eines Kaufvertrages sind zul\u00e4ssig, wenn zwischen<br \/>Vertragsabschluss und vereinbartem Liefertermin mehr als sechs Wochen liegen.<br \/>Erh\u00f6hen sich innerhalb dieses Zeitraums die L\u00f6hne, die Materialkosten und\/oder<br \/>die marktm\u00e4\u00dfigen Einstandspreise, so sind wir berechtigt, den Preis angemessen<br \/>entsprechend den Kostensteigerungen zu erh\u00f6hen. Diese Kostensteigerungen werden<br \/>wir dem Kunden auf Verlangen nachweisen. Der Kunde ist zum R\u00fccktritt nur<br \/>berechtigt, wenn die Preiserh\u00f6hung den Anstieg der allgemeinen<br \/>Lebenshaltungskosten zwischen Bestellung und Auslieferung nicht nur unerheblich<br \/>\u00fcbersteigt.<\/p>\n<p><\/p>\n<p><strong>8. Verpackung und Versand<\/strong><br \/>Der Versand erfolgt stets auf Gefahr und Kosten des Kunden. Wir haften f\u00fcr das<br \/>Verschulden eigener Transportpersonen nur dann, wenn uns oder unseren<br \/>Erf\u00fcllungsgehilfen Vorsatz oder grobe Fahrl\u00e4ssigkeit zur Last f\u00e4llt. Mangels<br \/>besonderer Vereinbarungen steht uns die Wahl der Versendungsart frei.<\/p>\n<p><\/p>\n<p><strong>9. Eigentumsvorbehalt:<\/strong><br \/>Wir behalten uns das Eigentum an den Liefergegenst\u00e4nden bis zur vollst\u00e4ndigen<br \/>Bezahlung vor. Ist der Kunde Unternehmer, zu denen auch Freiberufler z\u00e4hlen, ist<br \/>das Eigentum an dem Liefergegenstand bis zum Eingang aller Zahlungen aus der<br \/>Gesch\u00e4ftsverbindung mit dem Kunden vorbehalten. Dies gilt auch dann, wenn<br \/>einzelne oder s\u00e4mtliche Forderungen in eine laufende Rechnung aufgenommen werden<br \/>und der Saldo gezogen oder anerkannt ist.<br \/>Bei vertragswidrigem Verhalten des Kunden, insbesondere bei Zahlungsverzug, sind<br \/>wir zur R\u00fccknahme nach Mahnung berechtigt und der Kunde zur Herausgabe<br \/>verpflichtet. Uns steht dar\u00fcber hinaus bei Zahlungsverzug ein Recht auf<br \/>R\u00fccktritt vom Vertrag zu.<br \/>Die Geltendmachung des Eigentumsvorbehaltes sowie die Pf\u00e4ndung der<br \/>Liefergegenst\u00e4nde durch uns gilt nicht als R\u00fccktritt vom Vertrag, sofern nicht<br \/>die Bestimmungen des Verbraucherkreditgesetzes Anwendung finden oder dies<br \/>ausdr\u00fccklich durch uns schriftlich erkl\u00e4rt wird.<br \/>Die Verarbeitung und\/oder Umbildung der Waren durch den Kunden wird stets f\u00fcr<br \/>uns vorgenommen. Werden die Liefergegenst\u00e4nde mit anderen, uns nicht geh\u00f6renden<br \/>Gegenst\u00e4nden verbunden, so erwerben wir das Miteigentum an der neuen Sache im<br \/>Verh\u00e4ltnis des Wertes der Liefergegenst\u00e4nde zu den anderen verarbeiteten<br \/>Gegenst\u00e4nden zur Zeit der Verbindung. F\u00fcr die durch die Verbindung entstehende<br \/>Sache gilt im \u00fcbrigen das gleiche wie f\u00fcr die unter Vorbehalt gelieferte Sache.<br \/>Der Kunde darf die Liefergegenst\u00e4nde weder verpf\u00e4nden noch zur Sicherung<br \/>\u00fcbereignen. Bei Pf\u00e4ndungen sowie Beschlagnahme oder sonstigen Verf\u00fcgungen durch<br \/>Dritte, hat der Kunde uns unverz\u00fcglich davon zu benachrichtigen und uns alle<br \/>Ausk\u00fcnfte und Unterlagen zur Verf\u00fcgung zu stellen, die zur Wahrung unserer<br \/>Rechte erforderlich sind. Vollstreckungsbeamte bzw. Dritte, sind auf unser<br \/>Eigentum hinzuweisen.<br \/>Wir verpflichten uns, die uns zustehenden Sicherheiten insoweit auf Verlangen<br \/>des Kunden freizugeben, wenn ihr Wert die zu sichernden Forderungen, soweit<br \/>diese noch nicht beglichen sind, um mehr als 20 % \u00fcbersteigt.<br \/>Bei Pf\u00e4ndungen oder sonstigen Eingriffen in unser Eigentum, hat uns der Kunde<br \/>unverz\u00fcglich schriftlich zu benachrichtigen, damit wir Klage gem\u00e4\u00df \u00a7 771 ZPO<br \/>erheben k\u00f6nnen.<\/p>\n<p><\/p>\n<p><strong>10. Beratung<\/strong><br \/>In einer Auskunfts- oder Raterteilung durch die MDS GmbH oder eines Vertreters<br \/>liegt nicht der Wille, einen selbst\u00e4ndigen Beratungsvertrag abzuschlie\u00dfen. Die<br \/>MDS GmbH haftet gem. \u00a7675 Abs. 2 BGB nicht daf\u00fcr, dass der Kunde einer<br \/>Empfehlung bzw. eines Rates folgt.<\/p>\n<p><\/p>\n<p><strong>11. Gew\u00e4hrleistung, Haftung:<\/strong><br \/>Die Gew\u00e4hrleistungszeit betr\u00e4gt ein Jahr, sofern der Kunde kein Verbraucher ist.<br \/>Sie beginnt mit der \u00dcbergabe an den Kunden.<br \/>Wir haften nicht f\u00fcr M\u00e4ngel, die den \u00fcblichen oder vertraglich vorausgesetzten<br \/>Gebrauch nur unerheblich mindern. Es liegt kein Sachmangel vor, wenn wir dem<br \/>Kunden eine zu geringe Menge und\/oder eine h\u00f6herwertige Ware liefern. Im Fall<br \/>einer zu geringen Mengenlieferung besteht lediglich ein Anspruch auf<br \/>Nachlieferung der fehlenden Menge. Zu der Beschaffenheit der Kaufsache z\u00e4hlen<br \/>keine Eigenschaften, die der Kunde nach unseren \u00f6ffentlichen \u00c4u\u00dferungen und\/oder<br \/>den \u00c4u\u00dferungen unserer Gehilfen, insbesondere in der Werbung oder bei der<br \/>Kennzeichnung \u00fcber bestimmte Eigenschaften der Sache, erwarten kann. Die zum<br \/>Angebot geh\u00f6renden Unterlagen, wie Abbildungen, Zeichnungen, Gewichts- und<br \/>Ma\u00dfangaben sind, soweit nicht anderes vereinbart, nur ann\u00e4hernd ma\u00dfgebend. Eine<br \/>Abweichung der Lieferung vom Angebot gilt als Erf\u00fcllung, wenn die Abweichung<br \/>geringf\u00fcgig und dadurch f\u00fcr den K\u00e4ufer zumutbar ist. Insbesondere Abweichungen<br \/>im Rahmen des technischen Fortschritts gelten als genehmigt.<br \/>Bei einem Mangel, dessen Vorliegen der Kunde zu beweisen hat, sind wir nach<br \/>unserer Wahl zur M\u00e4ngelbeseitigung oder zur kostenlosen Ersatzlieferung<br \/>(Nacherf\u00fcllung) berechtigt. Die Kosten der Nacherf\u00fcllung, die durch die<br \/>Verbringung der Kaufsache an einen anderen Ort als den Erf\u00fcllungsort entstanden<br \/>sind, tr\u00e4gt der Kunde. Ausgewechselte Teile gehen in unser Eigentum \u00fcber. Die<br \/>Nacherf\u00fcllung wird nur vorgenommen, wenn der Kunde zuvor den Kaufpreis abz\u00fcglich<br \/>eines Einbehalts f\u00fcr den Mangel gezahlt hat. Der Einbehalt darf nicht mehr als<br \/>das 1,5-fache der M\u00e4ngelbeseitigungskosten betragen.<br \/>K\u00f6nnen wir einen unserer Gew\u00e4hrleistungspflicht unterliegenden Fehler nicht<br \/>beseitigen, ist die Nacherf\u00fcllung fehlgeschlagen oder sind f\u00fcr den Kunden<br \/>weitere Nacherf\u00fcllungsversuche unzumutbar, so kann der Kunde anstelle der<br \/>Nacherf\u00fcllung vom Vertrag zur\u00fccktreten. Minderungsanspr\u00fcche sind ausgeschlossen.<br \/>Die Nachbesserung gilt nicht bereits nach dem erfolglosen zweiten Versuch als<br \/>fehlgeschlagen. Die zur Geltendmachung der Gew\u00e4hrleistung erforderlichen<br \/>Aufwendungen (insbesondere Anlieferung und Abholung) tr\u00e4gt der K\u00e4ufer. Die<br \/>\u00dcbergabe der Ware an uns zum Zwecke der M\u00e4ngelr\u00fcge nach Ablauf der<br \/>Gew\u00e4hrleistungsfrist gilt &#8211; mit Ausnahme der Kosten berechtigt ger\u00fcgter<br \/>Materialm\u00e4ngel &#8211; als Reparaturauftrag. F\u00fcr dessen Ausf\u00fchrung gelten unsere<br \/>allgemeinen Verkaufs- und Lieferbedingungen sinngem\u00e4\u00df. Die Abtretung von<br \/>Gew\u00e4hrleistungsanspr\u00fcchen wird ausgeschlossen.<br \/>Das Recht des Kunden, bei einem Mangel neben der Nacherf\u00fcllung, oder dem<br \/>R\u00fccktritt Schadensersatz (statt oder neben der Erf\u00fcllung) oder Ersatz<br \/>vergeblicher Aufwendungen zu verlangen, bleibt von den obigen Regelungen<br \/>unber\u00fchrt.<br \/>Wir haften f\u00fcr jede schuldhafte Verletzung des Lebens, des K\u00f6rpers oder der<br \/>Gesundheit. Im \u00dcbrigen haften wir unbeschr\u00e4nkt nur f\u00fcr grobe Fahrl\u00e4ssigkeit und<br \/>Vorsatz. F\u00fcr leichte Fahrl\u00e4ssigkeit haften wir nur, sofern eine Pflicht verletzt<br \/>wird, deren Einhaltung f\u00fcr die Erreichung des Vertragszwecks von besonderer<br \/>Bedeutung ist (Kardinalpflicht). Bei leicht fahrl\u00e4ssiger Verletzung der<br \/>Kardinalpflicht ist die Haftung auf das zweifache des \u00dcberlassungsentgelts sowie<br \/>auf solche Sch\u00e4den begrenzt, mit deren Entstehung im Rahmen des<br \/>Vertragsschlusses typischerweise gerechnet werden muss.<br \/>Die Haftung f\u00fcr die von der MDS GmbH vertriebene und nicht selbst erstellte<br \/>Software &#8222;ALBIS on WINDOWS&#x2122;&#8220; wird zwischen dem Hersteller dieser Software und<br \/>dem Anwender mittels gesonderter Vereinbarung geregelt und legt nicht bei der<br \/>MDS GmbH.<br \/>Der Anspruch des Kunden auf Ersatz des Verz\u00f6gerungsschadens ist bei leichter<br \/>Fahrl\u00e4ssigkeit unsererseits auf 10 % des vereinbarten Kaufpreises beschr\u00e4nkt.<br \/>Der Kunde ist verpflichtet, funktionierende Datensicherungen durchzuf\u00fchren und<br \/>die EDV-Anlage vor dem Befall durch sog. Viren zu sch\u00fctzen. Die Haftung f\u00fcr<br \/>Datenverlust infolge leichter Fahrl\u00e4ssigkeit wird auf den typischen<br \/>Wiederherstellungsaufwand beschr\u00e4nkt, der bei regelm\u00e4\u00dfiger und<br \/>gefahrentsprechender Anfertigung von Sicherungskopien und Durchf\u00fchrung von<br \/>Virentests eingetreten w\u00e4re. In jedem Fall ist die Ersatzpflicht auf den<br \/>vorhersehbaren Schaden begrenzt.<br \/>Bei ungerechtfertigter M\u00e4ngelr\u00fcge schuldet der Kunde eine Testpauschale in H\u00f6he<br \/>von 38 Euro.<br \/>Die Haftung nach dem Produkthaftungsgesetz bleibt unber\u00fchrt.<br \/>Wird von der MDS GmbH eine Daten\u00fcbernahme durchgef\u00fchrt, dann werden folgende<br \/>Daten &#8211; bzw. Datens\u00e4tze \u00fcbernommen: Patientenstammdaten (Informationen aus der<br \/>Chipkarte), Abrechnungsdiagnosen und Abrechnungsziffern, jew. f\u00fcr den<br \/>kassen\u00e4rztlichen Bereich.<\/p>\n<p><\/p>\n<p><strong>12. Untersuchungs- und R\u00fcgepflicht:<\/strong><br \/>Der Kunde ist verpflichtet, gelieferte Softwareprogramme und EDV-Systeme auf<br \/>offensichtliche M\u00e4ngel, die einem durchschnittlichen Kunden ohne weiteres<br \/>auffallen, zu untersuchen. Offensichtliche M\u00e4ngel, insbesondere das Fehlen von<br \/>Datentr\u00e4gern, Handb\u00fcchern oder einzelner Computersystemteile (Monitor, Drucker,<br \/>etc.) sowie erhebliche, leicht sichtbare Besch\u00e4digungen des Datentr\u00e4gers sowie<br \/>der EDV-Systeme sind bei uns innerhalb von zwei Wochen nach Lieferung<br \/>schriftlich zu r\u00fcgen. Die M\u00e4ngel, insbesondere die aufgetretenen Symptome, sind<br \/>detailliert zu beschreiben. Hierzu geh\u00f6ren insbesondere folgende Angaben:<br \/>&#8211; M\u00e4ngelbeschreibungen mit der Angabe des Programmnamens und der Versionsnummer<br \/>&#8211; bei fehlerhaften Ergebnissen die Zwischenergebnisse und die nach Meinung des<br \/>Kunden richtigen Ergebnisse<br \/>&#8211; bei Programmabbruch die Datenkonstellation und erforderliche Unterlagen (z.B.<br \/>Ausdrucke)<br \/>Wird die Versendung der Ware per Frachtf\u00fchrer, Spedition oder per Bahn<br \/>durchgef\u00fchrt, so hat der Kunde den Verlust oder die Besch\u00e4digung der Ware<br \/>unverz\u00fcglich bei diesen anzuzeigen und sonstige Ma\u00dfnahmen zu ergreifen, um<br \/>etwaige Schadensersatzanspr\u00fcche diesen gegen\u00fcber zu sichern.<br \/>M\u00e4ngel, die nicht offensichtlich sind, m\u00fcssen bei uns innerhalb von 7 Tagen nach<br \/>dem Erkennen durch den Anwender ger\u00fcgt werden.<br \/>Wird von der MDS GmbH eine Daten\u00fcbernahme durchgef\u00fchrt, so erstreckt sich die<br \/>Untersuchungs- und R\u00fcgepflicht auch auf die Ordnungsm\u00e4\u00dfigkeit der Daten\u00fcbernahme<br \/>durch stichprobenartige Pr\u00fcfung und durch das Erstellen einer<br \/>Leistungsstatistik.<br \/>Bei Verletzung der Untersuchungs- und R\u00fcgepflicht gilt die Hard- und Software<br \/>bzw. die Daten\u00fcbernahme in Ansehung des betreffenden Mangels als genehmigt.<\/p>\n<p><\/p>\n<p><strong>13. Software:<\/strong><br \/>F\u00fcr die von der MDS GmbH gelieferte, nicht von der MDS GmbH selbst erstellte<br \/>Software, z.B. die Arztsoftware &#8222;CGM ALBIS&#x2122;&#8220;, gelten die \u00a7\u00a7 69a bis 69g<br \/>Urheberrechtsgesetz und die Bestimmungen des jeweiligen Lizenzvertrages \u00fcber die<br \/>Software.<\/p>\n<p><\/p>\n<p><strong>14: Datenschutz:<\/strong><br \/>Der Kunde ist mit der Speicherung personenbezogener Daten im Rahmen unserer<br \/>Gesch\u00e4ftsbeziehung unter Beachtung der Datenschutzgesetze f\u00fcr unsere eigenen<br \/>gesch\u00e4ftlichen Zwecke einverstanden.<\/p>\n<p><\/p>\n<p><strong>15. Erf\u00fcllungsort, Gerichtsstand:<\/strong><br \/>Erf\u00fcllungsort f\u00fcr unsere Lieferungen und Leistungen, sowie f\u00fcr Zahlungen des<br \/>K\u00e4ufers, ist 53578 Windhagen. Diese Regelung gilt auch f\u00fcr von unseren Kunden<br \/>hereingenommene Schecks und Wechsel sowie f\u00fcr s\u00e4mtliche sonstigen,<br \/>zahlungshalber bzw. an Erf\u00fcllung statt erbrachter Kundenleistungen. F\u00fcr Vertr\u00e4ge<br \/>mit Vollkaufleuten und juristischen Personen des \u00f6ffentlichen Rechts wird 53578<br \/>Windhagen als Gerichtsstand vereinbart. Wir sind jedoch auch berechtigt, den<br \/>K\u00e4ufer an dem f\u00fcr seinen Firmensitz zust\u00e4ndigen Gericht zu verklagen.<\/p>\n<p><\/p>\n<p><strong>16. Sonstiges<\/strong><br \/>\u00dcbertragungen von Rechten und Pflichten des Kunden aus dem mit uns geschlossenen<br \/>Vertrag bed\u00fcrfen zu ihrer Wirksamkeit unserer schriftlichen Zustimmung.<br \/>Sollte eine Bestimmung nichtig sein oder werden, so bleibt die G\u00fcltigkeit der<br \/>anderen Bestimmungen hiervon unber\u00fchrt. Die unwirksame Bestimmung wird durch<br \/>eine wirksame Bestimmung ersetzt, die der unwirksamen Bestimmung wirtschaftlich<br \/>und inhaltlich am N\u00e4chsten kommt.<br \/>Alle Vereinbarungen, die zwischen uns und dem Kunden zwecks Ausf\u00fchrung des<br \/>Vertrages getroffen werden, sind in diesem Vertrag schriftlich niederzulegen.<br \/>Dies gilt auch f\u00fcr einen Verzicht auf das Schriftformerfordernis.<\/p>\n<p><\/p>","protected":false},"excerpt":{"rendered":"<p>Allgemeine Verkaufs- und Lieferbedingungen der Firma MDS &#8211; Medical EDV Service GmbHGesch\u00e4ftsf\u00fchrer Dennis DempewulfKlarenplatz 1153578 Windhagen 1. Geltungsbereich &#8211; Allgemeines:Die nachstehenden Gesch\u00e4ftsbedingungen der Firma MDS Medical EDV Service GmbHGesch\u00e4ftsf\u00fchrer Dennis Dempewulf Klarenplatz 11, 53578 Windhagen (im Nachfolgenden &#8222;MDS GmbH&#8220; genannt), gelten ausschlie\u00dflich. Entgegenstehende oder von unseren Gesch\u00e4ftsbedingungen abweichende Bedingungen des Kunden erkennenwir nicht an, es [&hellip;]<\/p>\n","protected":false},"author":1,"featured_media":0,"parent":0,"menu_order":0,"comment_status":"closed","ping_status":"closed","template":"","meta":{"footnotes":""},"class_list":["post-21","page","type-page","status-publish","hentry"],"aioseo_notices":[],"_links":{"self":[{"href":"https:\/\/mds-medical.de\/site\/wp-json\/wp\/v2\/pages\/21","targetHints":{"allow":["GET"]}}],"collection":[{"href":"https:\/\/mds-medical.de\/site\/wp-json\/wp\/v2\/pages"}],"about":[{"href":"https:\/\/mds-medical.de\/site\/wp-json\/wp\/v2\/types\/page"}],"author":[{"embeddable":true,"href":"https:\/\/mds-medical.de\/site\/wp-json\/wp\/v2\/users\/1"}],"replies":[{"embeddable":true,"href":"https:\/\/mds-medical.de\/site\/wp-json\/wp\/v2\/comments?post=21"}],"version-history":[{"count":0,"href":"https:\/\/mds-medical.de\/site\/wp-json\/wp\/v2\/pages\/21\/revisions"}],"wp:attachment":[{"href":"https:\/\/mds-medical.de\/site\/wp-json\/wp\/v2\/media?parent=21"}],"curies":[{"name":"wp","href":"https:\/\/api.w.org\/{rel}","templated":true}]}}